{"id":161,"date":"2023-10-13T07:30:14","date_gmt":"2023-10-13T07:30:14","guid":{"rendered":"http:\/\/www.lahdenhomekoira.fi\/?page_id=161"},"modified":"2023-10-17T06:50:51","modified_gmt":"2023-10-17T06:50:51","slug":"etusivu","status":"publish","type":"page","link":"http:\/\/www.lahdenhomekoira.fi\/","title":{"rendered":""},"content":{"rendered":"\n<p> <\/p>\n","protected":false},"excerpt":{"rendered":"","protected":false},"author":1,"featured_media":0,"parent":0,"menu_order":1,"comment_status":"closed","ping_status":"closed","template":"","meta":{"inspiro_hide_title":false,"footnotes":""},"class_list":["post-161","page","type-page","status-publish","hentry"],"yoast_head":"<!-- This site is optimized with the Yoast SEO plugin v25.6 - https:\/\/yoast.com\/wordpress\/plugins\/seo\/ -->\n<title>LAHDEN\u00a0HOMEKOIRA<\/title>\n<meta name=\"description\" content=\"Homekoiratutkimus on nopea ja luotettava tutkimus, jos kiinteist\u00f6ss\u00e4si ilmenee ep\u00e4ilytt\u00e4v\u00e4\u00e4 hajua tai koet sis\u00e4ilmaan mahdollisesti liittyvi\u00e4 oireita. Tutkimus antaa lis\u00e4arvoa ja turvaa my\u00f6s kiinteist\u00f6n myyntiin. Sinulla on mahdollisuus osallistua itse mukaan tutkimukseen ja p\u00e4\u00e4set seuramaan koiran ty\u00f6skentely\u00e4. Varaa aika homekoiratutkimukseen 050 3779236.\" \/>\n<meta name=\"robots\" content=\"index, follow, max-snippet:-1, max-image-preview:large, max-video-preview:-1\" \/>\n<link rel=\"canonical\" href=\"https:\/\/www.lahdenhomekoira.fi\/\" \/>\n<meta property=\"og:locale\" content=\"fi_FI\" \/>\n<meta property=\"og:type\" content=\"article\" \/>\n<meta property=\"og:title\" content=\"LAHDEN\u00a0HOMEKOIRA\" \/>\n<meta property=\"og:description\" content=\"Homekoiratutkimus on nopea ja luotettava tutkimus, jos kiinteist\u00f6ss\u00e4si ilmenee ep\u00e4ilytt\u00e4v\u00e4\u00e4 hajua tai koet sis\u00e4ilmaan mahdollisesti liittyvi\u00e4 oireita. Tutkimus antaa lis\u00e4arvoa ja turvaa my\u00f6s kiinteist\u00f6n myyntiin. Sinulla on mahdollisuus osallistua itse mukaan tutkimukseen ja p\u00e4\u00e4set seuramaan koiran ty\u00f6skentely\u00e4. Varaa aika homekoiratutkimukseen 050 3779236.\" \/>\n<meta property=\"og:url\" content=\"https:\/\/www.lahdenhomekoira.fi\/\" \/>\n<meta property=\"og:site_name\" content=\"LAHDEN&nbsp;HOMEKOIRA\" \/>\n<meta property=\"article:modified_time\" content=\"2023-10-17T06:50:51+00:00\" \/>\n<meta name=\"twitter:card\" content=\"summary_large_image\" \/>\n<script type=\"application\/ld+json\" class=\"yoast-schema-graph\">{\"@context\":\"https:\/\/schema.org\",\"@graph\":[{\"@type\":\"WebPage\",\"@id\":\"https:\/\/www.lahdenhomekoira.fi\/\",\"url\":\"https:\/\/www.lahdenhomekoira.fi\/\",\"name\":\"LAHDEN\u00a0HOMEKOIRA\",\"isPartOf\":{\"@id\":\"https:\/\/www.lahdenhomekoira.fi\/#website\"},\"datePublished\":\"2023-10-13T07:30:14+00:00\",\"dateModified\":\"2023-10-17T06:50:51+00:00\",\"description\":\"Homekoiratutkimus on nopea ja luotettava tutkimus, jos kiinteist\u00f6ss\u00e4si ilmenee ep\u00e4ilytt\u00e4v\u00e4\u00e4 hajua tai koet sis\u00e4ilmaan mahdollisesti liittyvi\u00e4 oireita. Tutkimus antaa lis\u00e4arvoa ja turvaa my\u00f6s kiinteist\u00f6n myyntiin. Sinulla on mahdollisuus osallistua itse mukaan tutkimukseen ja p\u00e4\u00e4set seuramaan koiran ty\u00f6skentely\u00e4. Varaa aika homekoiratutkimukseen 050 3779236.\",\"inLanguage\":\"fi\",\"potentialAction\":[{\"@type\":\"ReadAction\",\"target\":[\"https:\/\/www.lahdenhomekoira.fi\/\"]}]},{\"@type\":\"WebSite\",\"@id\":\"https:\/\/www.lahdenhomekoira.fi\/#website\",\"url\":\"https:\/\/www.lahdenhomekoira.fi\/\",\"name\":\"LAHDEN&nbsp;HOMEKOIRA\",\"description\":\"\",\"publisher\":{\"@id\":\"https:\/\/www.lahdenhomekoira.fi\/#organization\"},\"potentialAction\":[{\"@type\":\"SearchAction\",\"target\":{\"@type\":\"EntryPoint\",\"urlTemplate\":\"https:\/\/www.lahdenhomekoira.fi\/?s={search_term_string}\"},\"query-input\":{\"@type\":\"PropertyValueSpecification\",\"valueRequired\":true,\"valueName\":\"search_term_string\"}}],\"inLanguage\":\"fi\"},{\"@type\":\"Organization\",\"@id\":\"https:\/\/www.lahdenhomekoira.fi\/#organization\",\"name\":\"LAHDEN&nbsp;HOMEKOIRA\",\"url\":\"https:\/\/www.lahdenhomekoira.fi\/\",\"logo\":{\"@type\":\"ImageObject\",\"inLanguage\":\"fi\",\"@id\":\"https:\/\/www.lahdenhomekoira.fi\/#\/schema\/logo\/image\/\",\"url\":\"http:\/\/www.lahdenhomekoira.fi\/wp-content\/uploads\/2023\/10\/cropped-elma.png\",\"contentUrl\":\"http:\/\/www.lahdenhomekoira.fi\/wp-content\/uploads\/2023\/10\/cropped-elma.png\",\"width\":512,\"height\":512,\"caption\":\"LAHDEN&nbsp;HOMEKOIRA\"},\"image\":{\"@id\":\"https:\/\/www.lahdenhomekoira.fi\/#\/schema\/logo\/image\/\"}}]}<\/script>\n<!-- \/ Yoast SEO plugin. -->","yoast_head_json":{"title":"LAHDEN\u00a0HOMEKOIRA","description":"Homekoiratutkimus on nopea ja luotettava tutkimus, jos kiinteist\u00f6ss\u00e4si ilmenee ep\u00e4ilytt\u00e4v\u00e4\u00e4 hajua tai koet sis\u00e4ilmaan mahdollisesti liittyvi\u00e4 oireita. Tutkimus antaa lis\u00e4arvoa ja turvaa my\u00f6s kiinteist\u00f6n myyntiin. Sinulla on mahdollisuus osallistua itse mukaan tutkimukseen ja p\u00e4\u00e4set seuramaan koiran ty\u00f6skentely\u00e4. Varaa aika homekoiratutkimukseen 050 3779236.","robots":{"index":"index","follow":"follow","max-snippet":"max-snippet:-1","max-image-preview":"max-image-preview:large","max-video-preview":"max-video-preview:-1"},"canonical":"https:\/\/www.lahdenhomekoira.fi\/","og_locale":"fi_FI","og_type":"article","og_title":"LAHDEN\u00a0HOMEKOIRA","og_description":"Homekoiratutkimus on nopea ja luotettava tutkimus, jos kiinteist\u00f6ss\u00e4si ilmenee ep\u00e4ilytt\u00e4v\u00e4\u00e4 hajua tai koet sis\u00e4ilmaan mahdollisesti liittyvi\u00e4 oireita. Tutkimus antaa lis\u00e4arvoa ja turvaa my\u00f6s kiinteist\u00f6n myyntiin. Sinulla on mahdollisuus osallistua itse mukaan tutkimukseen ja p\u00e4\u00e4set seuramaan koiran ty\u00f6skentely\u00e4. Varaa aika homekoiratutkimukseen 050 3779236.","og_url":"https:\/\/www.lahdenhomekoira.fi\/","og_site_name":"LAHDEN&nbsp;HOMEKOIRA","article_modified_time":"2023-10-17T06:50:51+00:00","twitter_card":"summary_large_image","schema":{"@context":"https:\/\/schema.org","@graph":[{"@type":"WebPage","@id":"https:\/\/www.lahdenhomekoira.fi\/","url":"https:\/\/www.lahdenhomekoira.fi\/","name":"LAHDEN\u00a0HOMEKOIRA","isPartOf":{"@id":"https:\/\/www.lahdenhomekoira.fi\/#website"},"datePublished":"2023-10-13T07:30:14+00:00","dateModified":"2023-10-17T06:50:51+00:00","description":"Homekoiratutkimus on nopea ja luotettava tutkimus, jos kiinteist\u00f6ss\u00e4si ilmenee ep\u00e4ilytt\u00e4v\u00e4\u00e4 hajua tai koet sis\u00e4ilmaan mahdollisesti liittyvi\u00e4 oireita. Tutkimus antaa lis\u00e4arvoa ja turvaa my\u00f6s kiinteist\u00f6n myyntiin. Sinulla on mahdollisuus osallistua itse mukaan tutkimukseen ja p\u00e4\u00e4set seuramaan koiran ty\u00f6skentely\u00e4. Varaa aika homekoiratutkimukseen 050 3779236.","inLanguage":"fi","potentialAction":[{"@type":"ReadAction","target":["https:\/\/www.lahdenhomekoira.fi\/"]}]},{"@type":"WebSite","@id":"https:\/\/www.lahdenhomekoira.fi\/#website","url":"https:\/\/www.lahdenhomekoira.fi\/","name":"LAHDEN&nbsp;HOMEKOIRA","description":"","publisher":{"@id":"https:\/\/www.lahdenhomekoira.fi\/#organization"},"potentialAction":[{"@type":"SearchAction","target":{"@type":"EntryPoint","urlTemplate":"https:\/\/www.lahdenhomekoira.fi\/?s={search_term_string}"},"query-input":{"@type":"PropertyValueSpecification","valueRequired":true,"valueName":"search_term_string"}}],"inLanguage":"fi"},{"@type":"Organization","@id":"https:\/\/www.lahdenhomekoira.fi\/#organization","name":"LAHDEN&nbsp;HOMEKOIRA","url":"https:\/\/www.lahdenhomekoira.fi\/","logo":{"@type":"ImageObject","inLanguage":"fi","@id":"https:\/\/www.lahdenhomekoira.fi\/#\/schema\/logo\/image\/","url":"http:\/\/www.lahdenhomekoira.fi\/wp-content\/uploads\/2023\/10\/cropped-elma.png","contentUrl":"http:\/\/www.lahdenhomekoira.fi\/wp-content\/uploads\/2023\/10\/cropped-elma.png","width":512,"height":512,"caption":"LAHDEN&nbsp;HOMEKOIRA"},"image":{"@id":"https:\/\/www.lahdenhomekoira.fi\/#\/schema\/logo\/image\/"}}]}},"featured_media_urls":[],"_links":{"self":[{"href":"http:\/\/www.lahdenhomekoira.fi\/index.php\/wp-json\/wp\/v2\/pages\/161"}],"collection":[{"href":"http:\/\/www.lahdenhomekoira.fi\/index.php\/wp-json\/wp\/v2\/pages"}],"about":[{"href":"http:\/\/www.lahdenhomekoira.fi\/index.php\/wp-json\/wp\/v2\/types\/page"}],"author":[{"embeddable":true,"href":"http:\/\/www.lahdenhomekoira.fi\/index.php\/wp-json\/wp\/v2\/users\/1"}],"replies":[{"embeddable":true,"href":"http:\/\/www.lahdenhomekoira.fi\/index.php\/wp-json\/wp\/v2\/comments?post=161"}],"version-history":[{"count":21,"href":"http:\/\/www.lahdenhomekoira.fi\/index.php\/wp-json\/wp\/v2\/pages\/161\/revisions"}],"predecessor-version":[{"id":227,"href":"http:\/\/www.lahdenhomekoira.fi\/index.php\/wp-json\/wp\/v2\/pages\/161\/revisions\/227"}],"wp:attachment":[{"href":"http:\/\/www.lahdenhomekoira.fi\/index.php\/wp-json\/wp\/v2\/media?parent=161"}],"curies":[{"name":"wp","href":"https:\/\/api.w.org\/{rel}","templated":true}]}}