{"id":14,"date":"2023-10-11T18:17:13","date_gmt":"2023-10-11T18:17:13","guid":{"rendered":"http:\/\/www.lahdenhomekoira.fi\/?page_id=14"},"modified":"2024-02-20T18:24:39","modified_gmt":"2024-02-20T18:24:39","slug":"tietoja-meista","status":"publish","type":"page","link":"http:\/\/www.lahdenhomekoira.fi\/index.php\/tietoja-meista\/","title":{"rendered":"TIETOJA MEIST\u00c4"},"content":{"rendered":"\n<div class=\"wp-block-columns alignwide is-layout-flex wp-container-core-columns-is-layout-1 wp-block-columns-is-layout-flex\">\n<div class=\"wp-block-column is-layout-flow wp-block-column-is-layout-flow\">\n<p class=\"has-black-color has-text-color has-large-font-size\"><strong>ARI MIETTINEN JA ELMA<\/strong><\/p>\n\n\n\n<p class=\"has-black-color has-text-color has-medium-font-size\"><strong>Ty\u00f6koirana minulla on lyhytkarvainen saksanseisoja, Elma (s. 2021). Elma on energinen ja tehokas ty\u00f6ntekij\u00e4. Kokonsa ansiosta ty\u00f6skentely onnistuu lattiasta aina korkeampiinkin kohteisiin. Elma on sosiaalinen ja tulee toimeen kaikkien kanssa. Kohteessa keskityt\u00e4\u00e4n kuitenkin ty\u00f6skentelyyn, jolloin koira ei huomioi muita ihmisi\u00e4. Elma ilmaisee homevaurion menem\u00e4ll\u00e4 maahan ja osoittamalla kuonolla.<\/strong><\/p>\n\n\n\n<p class=\"has-black-color has-text-color has-medium-font-size\"><strong>Olen suorittanut homekoiraohjaajatutkinnon Keski-Pohjanmaan ammattiopistossa (KPEDU). Se on Suomen ainoa ammattiopisto, joka kouluttaa homekoiraohjaajan ammattiin. Koulutusmetodit vastaavat virkakoirien, kuten poliisi- ja huumekoirien koulutusta. Koiran kouluttamisen lis\u00e4ksi tutkinto sis\u00e4lt\u00e4\u00e4 rakennustekniikkaa ja mikrobiologiaa. Tutkinnon suorittamisen j\u00e4lkeen koiran taitoja yll\u00e4pidet\u00e4\u00e4n jatkuvilla harjoituksilla.<\/strong><\/p>\n\n\n\n<p>&nbsp;<\/p>\n\n\n\n<figure class=\"wp-block-image size-full\"><img fetchpriority=\"high\" decoding=\"async\" width=\"1536\" height=\"2048\" src=\"http:\/\/www.lahdenhomekoira.fi\/wp-content\/uploads\/2023\/10\/PHOTO-2023-10-02-18-15-42.jpg\" alt=\"\" class=\"wp-image-34\" srcset=\"http:\/\/www.lahdenhomekoira.fi\/wp-content\/uploads\/2023\/10\/PHOTO-2023-10-02-18-15-42.jpg 1536w, http:\/\/www.lahdenhomekoira.fi\/wp-content\/uploads\/2023\/10\/PHOTO-2023-10-02-18-15-42-225x300.jpg 225w, http:\/\/www.lahdenhomekoira.fi\/wp-content\/uploads\/2023\/10\/PHOTO-2023-10-02-18-15-42-768x1024.jpg 768w, http:\/\/www.lahdenhomekoira.fi\/wp-content\/uploads\/2023\/10\/PHOTO-2023-10-02-18-15-42-1152x1536.jpg 1152w, http:\/\/www.lahdenhomekoira.fi\/wp-content\/uploads\/2023\/10\/PHOTO-2023-10-02-18-15-42-1200x1600.jpg 1200w\" sizes=\"(max-width: 1536px) 100vw, 1536px\" \/><\/figure>\n<\/div>\n<\/div>\n","protected":false},"excerpt":{"rendered":"<p>ARI MIETTINEN JA ELMA Ty\u00f6koirana minulla on lyhytkarvainen saksanseisoja, Elma (s. 2021). Elma on energinen ja tehokas ty\u00f6ntekij\u00e4. Kokonsa ansiosta ty\u00f6skentely onnistuu lattiasta aina korkeampiinkin kohteisiin. Elma on sosiaalinen ja tulee toimeen kaikkien kanssa. Kohteessa keskityt\u00e4\u00e4n kuitenkin ty\u00f6skentelyyn, jolloin koira ei huomioi muita ihmisi\u00e4. Elma ilmaisee homevaurion menem\u00e4ll\u00e4 maahan ja osoittamalla kuonolla. Olen suorittanut homekoiraohjaajatutkinnon &hellip; <\/p>\n<p class=\"link-more\"><a href=\"http:\/\/www.lahdenhomekoira.fi\/index.php\/tietoja-meista\/\" class=\"more-link\">Read more<span class=\"screen-reader-text\"> &#8221;TIETOJA MEIST\u00c4&#8221;<\/span><\/a><\/p>\n","protected":false},"author":1,"featured_media":126,"parent":0,"menu_order":0,"comment_status":"closed","ping_status":"closed","template":"","meta":{"inspiro_hide_title":false,"footnotes":""},"class_list":["post-14","page","type-page","status-publish","has-post-thumbnail","hentry"],"yoast_head":"<!-- This site is optimized with the Yoast SEO plugin v25.6 - https:\/\/yoast.com\/wordpress\/plugins\/seo\/ -->\n<title>LAHDEN\u00a0HOMEKOIRA<\/title>\n<meta name=\"description\" content=\"Homekoiratutkimus on nopea ja luotettava tutkimus, jos kiinteist\u00f6ss\u00e4si ilmenee ep\u00e4ilytt\u00e4v\u00e4\u00e4 hajua tai koet sis\u00e4ilmaan mahdollisesti liittyvi\u00e4 oireita. Tutkimus antaa lis\u00e4arvoa ja turvaa my\u00f6s kiinteist\u00f6n myyntiin. Sinulla on mahdollisuus osallistua itse mukaan tutkimukseen ja p\u00e4\u00e4set seuramaan koiran ty\u00f6skentely\u00e4. Varaa aika homekoiratutkimukseen 050 3779236.\" \/>\n<meta name=\"robots\" content=\"index, follow, max-snippet:-1, max-image-preview:large, max-video-preview:-1\" \/>\n<link rel=\"canonical\" href=\"http:\/\/www.lahdenhomekoira.fi\/index.php\/tietoja-meista\/\" \/>\n<meta property=\"og:locale\" content=\"fi_FI\" \/>\n<meta property=\"og:type\" content=\"article\" \/>\n<meta property=\"og:title\" content=\"LAHDEN\u00a0HOMEKOIRA\" \/>\n<meta property=\"og:description\" content=\"Homekoiratutkimus on nopea ja luotettava tutkimus, jos kiinteist\u00f6ss\u00e4si ilmenee ep\u00e4ilytt\u00e4v\u00e4\u00e4 hajua tai koet sis\u00e4ilmaan mahdollisesti liittyvi\u00e4 oireita. Tutkimus antaa lis\u00e4arvoa ja turvaa my\u00f6s kiinteist\u00f6n myyntiin. Sinulla on mahdollisuus osallistua itse mukaan tutkimukseen ja p\u00e4\u00e4set seuramaan koiran ty\u00f6skentely\u00e4. Varaa aika homekoiratutkimukseen 050 3779236.\" \/>\n<meta property=\"og:url\" content=\"http:\/\/www.lahdenhomekoira.fi\/index.php\/tietoja-meista\/\" \/>\n<meta property=\"og:site_name\" content=\"LAHDEN&nbsp;HOMEKOIRA\" \/>\n<meta property=\"article:modified_time\" content=\"2024-02-20T18:24:39+00:00\" \/>\n<meta property=\"og:image\" content=\"http:\/\/www.lahdenhomekoira.fi\/wp-content\/uploads\/2023\/10\/ELMA-3.jpg\" \/>\n\t<meta property=\"og:image:width\" content=\"733\" \/>\n\t<meta property=\"og:image:height\" content=\"573\" \/>\n\t<meta property=\"og:image:type\" content=\"image\/jpeg\" \/>\n<meta name=\"twitter:card\" content=\"summary_large_image\" \/>\n<meta name=\"twitter:label1\" content=\"Arvioitu lukuaika\" \/>\n\t<meta name=\"twitter:data1\" content=\"1 minuutti\" \/>\n<script type=\"application\/ld+json\" class=\"yoast-schema-graph\">{\"@context\":\"https:\/\/schema.org\",\"@graph\":[{\"@type\":\"WebPage\",\"@id\":\"http:\/\/www.lahdenhomekoira.fi\/index.php\/tietoja-meista\/\",\"url\":\"http:\/\/www.lahdenhomekoira.fi\/index.php\/tietoja-meista\/\",\"name\":\"LAHDEN\u00a0HOMEKOIRA\",\"isPartOf\":{\"@id\":\"https:\/\/www.lahdenhomekoira.fi\/#website\"},\"primaryImageOfPage\":{\"@id\":\"http:\/\/www.lahdenhomekoira.fi\/index.php\/tietoja-meista\/#primaryimage\"},\"image\":{\"@id\":\"http:\/\/www.lahdenhomekoira.fi\/index.php\/tietoja-meista\/#primaryimage\"},\"thumbnailUrl\":\"http:\/\/www.lahdenhomekoira.fi\/wp-content\/uploads\/2023\/10\/ELMA-3.jpg\",\"datePublished\":\"2023-10-11T18:17:13+00:00\",\"dateModified\":\"2024-02-20T18:24:39+00:00\",\"description\":\"Homekoiratutkimus on nopea ja luotettava tutkimus, jos kiinteist\u00f6ss\u00e4si ilmenee ep\u00e4ilytt\u00e4v\u00e4\u00e4 hajua tai koet sis\u00e4ilmaan mahdollisesti liittyvi\u00e4 oireita. Tutkimus antaa lis\u00e4arvoa ja turvaa my\u00f6s kiinteist\u00f6n myyntiin. Sinulla on mahdollisuus osallistua itse mukaan tutkimukseen ja p\u00e4\u00e4set seuramaan koiran ty\u00f6skentely\u00e4. Varaa aika homekoiratutkimukseen 050 3779236.\",\"breadcrumb\":{\"@id\":\"http:\/\/www.lahdenhomekoira.fi\/index.php\/tietoja-meista\/#breadcrumb\"},\"inLanguage\":\"fi\",\"potentialAction\":[{\"@type\":\"ReadAction\",\"target\":[\"http:\/\/www.lahdenhomekoira.fi\/index.php\/tietoja-meista\/\"]}]},{\"@type\":\"ImageObject\",\"inLanguage\":\"fi\",\"@id\":\"http:\/\/www.lahdenhomekoira.fi\/index.php\/tietoja-meista\/#primaryimage\",\"url\":\"http:\/\/www.lahdenhomekoira.fi\/wp-content\/uploads\/2023\/10\/ELMA-3.jpg\",\"contentUrl\":\"http:\/\/www.lahdenhomekoira.fi\/wp-content\/uploads\/2023\/10\/ELMA-3.jpg\",\"width\":733,\"height\":573},{\"@type\":\"BreadcrumbList\",\"@id\":\"http:\/\/www.lahdenhomekoira.fi\/index.php\/tietoja-meista\/#breadcrumb\",\"itemListElement\":[{\"@type\":\"ListItem\",\"position\":1,\"name\":\"Etusivu\",\"item\":\"https:\/\/www.lahdenhomekoira.fi\/\"},{\"@type\":\"ListItem\",\"position\":2,\"name\":\"TIETOJA MEIST\u00c4\"}]},{\"@type\":\"WebSite\",\"@id\":\"https:\/\/www.lahdenhomekoira.fi\/#website\",\"url\":\"https:\/\/www.lahdenhomekoira.fi\/\",\"name\":\"LAHDEN&nbsp;HOMEKOIRA\",\"description\":\"\",\"publisher\":{\"@id\":\"https:\/\/www.lahdenhomekoira.fi\/#organization\"},\"potentialAction\":[{\"@type\":\"SearchAction\",\"target\":{\"@type\":\"EntryPoint\",\"urlTemplate\":\"https:\/\/www.lahdenhomekoira.fi\/?s={search_term_string}\"},\"query-input\":{\"@type\":\"PropertyValueSpecification\",\"valueRequired\":true,\"valueName\":\"search_term_string\"}}],\"inLanguage\":\"fi\"},{\"@type\":\"Organization\",\"@id\":\"https:\/\/www.lahdenhomekoira.fi\/#organization\",\"name\":\"LAHDEN&nbsp;HOMEKOIRA\",\"url\":\"https:\/\/www.lahdenhomekoira.fi\/\",\"logo\":{\"@type\":\"ImageObject\",\"inLanguage\":\"fi\",\"@id\":\"https:\/\/www.lahdenhomekoira.fi\/#\/schema\/logo\/image\/\",\"url\":\"http:\/\/www.lahdenhomekoira.fi\/wp-content\/uploads\/2023\/10\/cropped-elma.png\",\"contentUrl\":\"http:\/\/www.lahdenhomekoira.fi\/wp-content\/uploads\/2023\/10\/cropped-elma.png\",\"width\":512,\"height\":512,\"caption\":\"LAHDEN&nbsp;HOMEKOIRA\"},\"image\":{\"@id\":\"https:\/\/www.lahdenhomekoira.fi\/#\/schema\/logo\/image\/\"}}]}<\/script>\n<!-- \/ Yoast SEO plugin. -->","yoast_head_json":{"title":"LAHDEN\u00a0HOMEKOIRA","description":"Homekoiratutkimus on nopea ja luotettava tutkimus, jos kiinteist\u00f6ss\u00e4si ilmenee ep\u00e4ilytt\u00e4v\u00e4\u00e4 hajua tai koet sis\u00e4ilmaan mahdollisesti liittyvi\u00e4 oireita. Tutkimus antaa lis\u00e4arvoa ja turvaa my\u00f6s kiinteist\u00f6n myyntiin. Sinulla on mahdollisuus osallistua itse mukaan tutkimukseen ja p\u00e4\u00e4set seuramaan koiran ty\u00f6skentely\u00e4. Varaa aika homekoiratutkimukseen 050 3779236.","robots":{"index":"index","follow":"follow","max-snippet":"max-snippet:-1","max-image-preview":"max-image-preview:large","max-video-preview":"max-video-preview:-1"},"canonical":"http:\/\/www.lahdenhomekoira.fi\/index.php\/tietoja-meista\/","og_locale":"fi_FI","og_type":"article","og_title":"LAHDEN\u00a0HOMEKOIRA","og_description":"Homekoiratutkimus on nopea ja luotettava tutkimus, jos kiinteist\u00f6ss\u00e4si ilmenee ep\u00e4ilytt\u00e4v\u00e4\u00e4 hajua tai koet sis\u00e4ilmaan mahdollisesti liittyvi\u00e4 oireita. Tutkimus antaa lis\u00e4arvoa ja turvaa my\u00f6s kiinteist\u00f6n myyntiin. Sinulla on mahdollisuus osallistua itse mukaan tutkimukseen ja p\u00e4\u00e4set seuramaan koiran ty\u00f6skentely\u00e4. Varaa aika homekoiratutkimukseen 050 3779236.","og_url":"http:\/\/www.lahdenhomekoira.fi\/index.php\/tietoja-meista\/","og_site_name":"LAHDEN&nbsp;HOMEKOIRA","article_modified_time":"2024-02-20T18:24:39+00:00","og_image":[{"width":733,"height":573,"url":"http:\/\/www.lahdenhomekoira.fi\/wp-content\/uploads\/2023\/10\/ELMA-3.jpg","type":"image\/jpeg"}],"twitter_card":"summary_large_image","twitter_misc":{"Arvioitu lukuaika":"1 minuutti"},"schema":{"@context":"https:\/\/schema.org","@graph":[{"@type":"WebPage","@id":"http:\/\/www.lahdenhomekoira.fi\/index.php\/tietoja-meista\/","url":"http:\/\/www.lahdenhomekoira.fi\/index.php\/tietoja-meista\/","name":"LAHDEN\u00a0HOMEKOIRA","isPartOf":{"@id":"https:\/\/www.lahdenhomekoira.fi\/#website"},"primaryImageOfPage":{"@id":"http:\/\/www.lahdenhomekoira.fi\/index.php\/tietoja-meista\/#primaryimage"},"image":{"@id":"http:\/\/www.lahdenhomekoira.fi\/index.php\/tietoja-meista\/#primaryimage"},"thumbnailUrl":"http:\/\/www.lahdenhomekoira.fi\/wp-content\/uploads\/2023\/10\/ELMA-3.jpg","datePublished":"2023-10-11T18:17:13+00:00","dateModified":"2024-02-20T18:24:39+00:00","description":"Homekoiratutkimus on nopea ja luotettava tutkimus, jos kiinteist\u00f6ss\u00e4si ilmenee ep\u00e4ilytt\u00e4v\u00e4\u00e4 hajua tai koet sis\u00e4ilmaan mahdollisesti liittyvi\u00e4 oireita. Tutkimus antaa lis\u00e4arvoa ja turvaa my\u00f6s kiinteist\u00f6n myyntiin. Sinulla on mahdollisuus osallistua itse mukaan tutkimukseen ja p\u00e4\u00e4set seuramaan koiran ty\u00f6skentely\u00e4. Varaa aika homekoiratutkimukseen 050 3779236.","breadcrumb":{"@id":"http:\/\/www.lahdenhomekoira.fi\/index.php\/tietoja-meista\/#breadcrumb"},"inLanguage":"fi","potentialAction":[{"@type":"ReadAction","target":["http:\/\/www.lahdenhomekoira.fi\/index.php\/tietoja-meista\/"]}]},{"@type":"ImageObject","inLanguage":"fi","@id":"http:\/\/www.lahdenhomekoira.fi\/index.php\/tietoja-meista\/#primaryimage","url":"http:\/\/www.lahdenhomekoira.fi\/wp-content\/uploads\/2023\/10\/ELMA-3.jpg","contentUrl":"http:\/\/www.lahdenhomekoira.fi\/wp-content\/uploads\/2023\/10\/ELMA-3.jpg","width":733,"height":573},{"@type":"BreadcrumbList","@id":"http:\/\/www.lahdenhomekoira.fi\/index.php\/tietoja-meista\/#breadcrumb","itemListElement":[{"@type":"ListItem","position":1,"name":"Etusivu","item":"https:\/\/www.lahdenhomekoira.fi\/"},{"@type":"ListItem","position":2,"name":"TIETOJA MEIST\u00c4"}]},{"@type":"WebSite","@id":"https:\/\/www.lahdenhomekoira.fi\/#website","url":"https:\/\/www.lahdenhomekoira.fi\/","name":"LAHDEN&nbsp;HOMEKOIRA","description":"","publisher":{"@id":"https:\/\/www.lahdenhomekoira.fi\/#organization"},"potentialAction":[{"@type":"SearchAction","target":{"@type":"EntryPoint","urlTemplate":"https:\/\/www.lahdenhomekoira.fi\/?s={search_term_string}"},"query-input":{"@type":"PropertyValueSpecification","valueRequired":true,"valueName":"search_term_string"}}],"inLanguage":"fi"},{"@type":"Organization","@id":"https:\/\/www.lahdenhomekoira.fi\/#organization","name":"LAHDEN&nbsp;HOMEKOIRA","url":"https:\/\/www.lahdenhomekoira.fi\/","logo":{"@type":"ImageObject","inLanguage":"fi","@id":"https:\/\/www.lahdenhomekoira.fi\/#\/schema\/logo\/image\/","url":"http:\/\/www.lahdenhomekoira.fi\/wp-content\/uploads\/2023\/10\/cropped-elma.png","contentUrl":"http:\/\/www.lahdenhomekoira.fi\/wp-content\/uploads\/2023\/10\/cropped-elma.png","width":512,"height":512,"caption":"LAHDEN&nbsp;HOMEKOIRA"},"image":{"@id":"https:\/\/www.lahdenhomekoira.fi\/#\/schema\/logo\/image\/"}}]}},"featured_media_urls":{"thumbnail":["http:\/\/www.lahdenhomekoira.fi\/wp-content\/uploads\/2023\/10\/ELMA-3-150x150.jpg",150,150,true],"medium":["http:\/\/www.lahdenhomekoira.fi\/wp-content\/uploads\/2023\/10\/ELMA-3-300x235.jpg",300,235,true],"medium_large":["http:\/\/www.lahdenhomekoira.fi\/wp-content\/uploads\/2023\/10\/ELMA-3.jpg",733,573,false],"large":["http:\/\/www.lahdenhomekoira.fi\/wp-content\/uploads\/2023\/10\/ELMA-3.jpg",733,573,false],"1536x1536":["http:\/\/www.lahdenhomekoira.fi\/wp-content\/uploads\/2023\/10\/ELMA-3.jpg",733,573,false],"2048x2048":["http:\/\/www.lahdenhomekoira.fi\/wp-content\/uploads\/2023\/10\/ELMA-3.jpg",733,573,false],"inspiro-featured-image":["http:\/\/www.lahdenhomekoira.fi\/wp-content\/uploads\/2023\/10\/ELMA-3.jpg",733,573,false],"inspiro-loop":["http:\/\/www.lahdenhomekoira.fi\/wp-content\/uploads\/2023\/10\/ELMA-3-733x320.jpg",733,320,true],"inspiro-loop@2x":["http:\/\/www.lahdenhomekoira.fi\/wp-content\/uploads\/2023\/10\/ELMA-3.jpg",733,573,false],"portfolio_item-thumbnail":["http:\/\/www.lahdenhomekoira.fi\/wp-content\/uploads\/2023\/10\/ELMA-3-600x400.jpg",600,400,true],"portfolio_item-thumbnail@2x":["http:\/\/www.lahdenhomekoira.fi\/wp-content\/uploads\/2023\/10\/ELMA-3.jpg",733,573,false],"portfolio_item-masonry":["http:\/\/www.lahdenhomekoira.fi\/wp-content\/uploads\/2023\/10\/ELMA-3-600x469.jpg",600,469,true],"portfolio_item-masonry@2x":["http:\/\/www.lahdenhomekoira.fi\/wp-content\/uploads\/2023\/10\/ELMA-3.jpg",733,573,false],"portfolio_item-thumbnail_cinema":["http:\/\/www.lahdenhomekoira.fi\/wp-content\/uploads\/2023\/10\/ELMA-3-733x335.jpg",733,335,true],"portfolio_item-thumbnail_portrait":["http:\/\/www.lahdenhomekoira.fi\/wp-content\/uploads\/2023\/10\/ELMA-3-600x573.jpg",600,573,true],"portfolio_item-thumbnail_portrait@2x":["http:\/\/www.lahdenhomekoira.fi\/wp-content\/uploads\/2023\/10\/ELMA-3.jpg",733,573,false],"portfolio_item-thumbnail_square":["http:\/\/www.lahdenhomekoira.fi\/wp-content\/uploads\/2023\/10\/ELMA-3.jpg",733,573,false]},"_links":{"self":[{"href":"http:\/\/www.lahdenhomekoira.fi\/index.php\/wp-json\/wp\/v2\/pages\/14"}],"collection":[{"href":"http:\/\/www.lahdenhomekoira.fi\/index.php\/wp-json\/wp\/v2\/pages"}],"about":[{"href":"http:\/\/www.lahdenhomekoira.fi\/index.php\/wp-json\/wp\/v2\/types\/page"}],"author":[{"embeddable":true,"href":"http:\/\/www.lahdenhomekoira.fi\/index.php\/wp-json\/wp\/v2\/users\/1"}],"replies":[{"embeddable":true,"href":"http:\/\/www.lahdenhomekoira.fi\/index.php\/wp-json\/wp\/v2\/comments?post=14"}],"version-history":[{"count":11,"href":"http:\/\/www.lahdenhomekoira.fi\/index.php\/wp-json\/wp\/v2\/pages\/14\/revisions"}],"predecessor-version":[{"id":243,"href":"http:\/\/www.lahdenhomekoira.fi\/index.php\/wp-json\/wp\/v2\/pages\/14\/revisions\/243"}],"wp:featuredmedia":[{"embeddable":true,"href":"http:\/\/www.lahdenhomekoira.fi\/index.php\/wp-json\/wp\/v2\/media\/126"}],"wp:attachment":[{"href":"http:\/\/www.lahdenhomekoira.fi\/index.php\/wp-json\/wp\/v2\/media?parent=14"}],"curies":[{"name":"wp","href":"https:\/\/api.w.org\/{rel}","templated":true}]}}