{"id":12,"date":"2023-10-11T18:17:13","date_gmt":"2023-10-11T18:17:13","guid":{"rendered":"http:\/\/www.lahdenhomekoira.fi\/?page_id=12"},"modified":"2025-01-29T19:02:19","modified_gmt":"2025-01-29T19:02:19","slug":"hinnat","status":"publish","type":"page","link":"http:\/\/www.lahdenhomekoira.fi\/index.php\/hinnat\/","title":{"rendered":"HINNAT"},"content":{"rendered":"\n<div class=\"wp-block-group has-global-padding is-layout-constrained wp-block-group-is-layout-constrained\">\n<div class=\"wp-block-columns is-layout-flex wp-container-core-columns-is-layout-1 wp-block-columns-is-layout-flex\">\n<div class=\"wp-block-column is-layout-flow wp-block-column-is-layout-flow\" style=\"flex-basis:100%\">\n<div class=\"wp-block-group is-layout-flow wp-block-group-is-layout-flow\">\n<h3 class=\"wp-block-heading has-text-align-center has-x-large-font-size\" style=\"letter-spacing:1px\">HINNASTO<\/h3>\n\n\n\n<p class=\"has-text-align-center has-black-color has-text-color has-medium-font-size\"><strong>30-100m<sup>2<\/sup> 350\u20ac <br>100-150m<sup>2<\/sup> 400\u20ac <br>150-200m<sup>2<\/sup> 450\u20ac<\/strong><\/p>\n\n\n\n<p class=\"has-text-align-center has-black-color has-text-color has-medium-font-size\"><strong>Matkakulut 0,70\u20ac\/km, tutkimukset Lahdessa ilman matkakuluja<\/strong>.<br><br><\/p>\n\n\n\n<p class=\"has-text-align-center has-black-color has-text-color has-medium-font-size\"><strong>Pienemm\u00e4t ja suuremmat kohteet erillisen tarjouksen mukaan.<br>Suurempiin julkisiin kohteisiin, kouluihin ja p\u00e4iv\u00e4koteihin hinnoittelu tarjouksen ja sopimuksen mukaan.<\/strong><\/p>\n\n\n\n<div class=\"wp-block-buttons is-horizontal is-content-justification-center is-layout-flex wp-container-core-buttons-is-layout-1 wp-block-buttons-is-layout-flex\"><\/div>\n\n\n\n<div style=\"height:57px\" aria-hidden=\"true\" class=\"wp-block-spacer\"><\/div>\n<\/div>\n<\/div>\n<\/div>\n<\/div>\n\n\n\n<div class=\"wp-block-group alignfull has-background has-global-padding is-layout-constrained wp-block-group-is-layout-constrained\" style=\"background-color:#edeae2\">\n<div class=\"wp-block-group has-global-padding is-layout-constrained wp-block-group-is-layout-constrained\" style=\"padding-top:var(--wp--preset--spacing--small);padding-bottom:var(--wp--preset--spacing--small)\">\n<div style=\"height:30px\" aria-hidden=\"true\" class=\"wp-block-spacer\"><\/div>\n\n\n\n<h2 class=\"wp-block-heading has-text-align-center has-x-large-font-size\">HINTAAN SIS\u00c4LTYY<\/h2>\n\n\n\n<p class=\"has-text-align-left has-black-color has-text-color has-medium-font-size\">&#8211;\u00a0<strong>Tutkittavan kohteen alkutietoihin perehtyminen<\/strong><br>&#8211;\u00a0<strong>Tutkimus homekoiralla<\/strong><br>&#8211;\u00a0<strong>Yhteenveto tutkimuksen j\u00e4lkeen ilmi tulleista<\/strong>\u00a0<strong>seikoista<\/strong><br>&#8211;\u00a0<strong>Virallinen kirjallinen ja kuvallinen raportti, jota on mahdollisuus<\/strong>\u00a0<strong>k\u00e4ytt\u00e4\u00e4 my\u00f6s oikeudessa riitatilanteissa <\/strong><br>&#8211;\u00a0<strong>Jatkotoimenpiteisiin ohjaus<\/strong><br><br><br><strong>Tarkastuksesta voi hakea kotitalousv\u00e4hennyst\u00e4 korjauskustannusten yhteydess\u00e4.<\/strong><br><br>\u00a0<br>\u00a0<\/p>\n<\/div>\n<\/div>\n\n\n\n<div class=\"wp-block-cover alignfull is-light has-parallax is-position-center-center\" style=\"min-height:100vh;aspect-ratio:unset;\"><span aria-hidden=\"true\" class=\"wp-block-cover__background has-black-background-color has-background-dim-40 has-background-dim\"><\/span><div class=\"wp-block-cover__image-background wp-image-74 has-parallax\" style=\"background-position:50% 50%;background-image:url(http:\/\/www.lahdenhomekoira.fi\/wp-content\/uploads\/2023\/10\/PHOTO-2023-10-01-15-08-35.jpg)\"><\/div><div class=\"wp-block-cover__inner-container is-layout-flow wp-block-cover-is-layout-flow\">\n<div class=\"wp-block-group has-global-padding is-layout-constrained wp-block-group-is-layout-constrained\">\n<div style=\"height:39px\" aria-hidden=\"true\" class=\"wp-block-spacer\"><\/div>\n\n\n\n<div class=\"wp-block-buttons is-horizontal is-content-justification-center is-layout-flex wp-container-core-buttons-is-layout-2 wp-block-buttons-is-layout-flex\">\n<div class=\"wp-block-button is-style-outline is-style-outline--c28cae989121210bbdb3070e0ec31415\"><a class=\"wp-block-button__link has-white-color has-text-color wp-element-button\" href=\"http:\/\/www.lahdenhomekoira.fi\/index.php\/yhteystiedot\/\" style=\"border-radius:0px\">OTA&nbsp;YHTEYTT\u00c4<\/a><\/div>\n<\/div>\n<\/div>\n<\/div><\/div>\n","protected":false},"excerpt":{"rendered":"<p>HINNASTO 30-100m2 350\u20ac 100-150m2 400\u20ac 150-200m2 450\u20ac Matkakulut 0,70\u20ac\/km, tutkimukset Lahdessa ilman matkakuluja. Pienemm\u00e4t ja suuremmat kohteet erillisen tarjouksen mukaan.Suurempiin julkisiin kohteisiin, kouluihin ja p\u00e4iv\u00e4koteihin hinnoittelu tarjouksen ja sopimuksen mukaan. HINTAAN SIS\u00c4LTYY &#8211;\u00a0Tutkittavan kohteen alkutietoihin perehtyminen&#8211;\u00a0Tutkimus homekoiralla&#8211;\u00a0Yhteenveto tutkimuksen j\u00e4lkeen ilmi tulleista\u00a0seikoista&#8211;\u00a0Virallinen kirjallinen ja kuvallinen raportti, jota on mahdollisuus\u00a0k\u00e4ytt\u00e4\u00e4 my\u00f6s oikeudessa riitatilanteissa &#8211;\u00a0Jatkotoimenpiteisiin ohjaus Tarkastuksesta voi &hellip; <\/p>\n<p class=\"link-more\"><a href=\"http:\/\/www.lahdenhomekoira.fi\/index.php\/hinnat\/\" class=\"more-link\">Read more<span class=\"screen-reader-text\"> &#8221;HINNAT&#8221;<\/span><\/a><\/p>\n","protected":false},"author":1,"featured_media":59,"parent":0,"menu_order":0,"comment_status":"closed","ping_status":"closed","template":"","meta":{"inspiro_hide_title":false,"footnotes":""},"class_list":["post-12","page","type-page","status-publish","has-post-thumbnail","hentry"],"yoast_head":"<!-- This site is optimized with the Yoast SEO plugin v25.6 - https:\/\/yoast.com\/wordpress\/plugins\/seo\/ -->\n<title>LAHDEN\u00a0HOMEKOIRA<\/title>\n<meta name=\"description\" content=\"Homekoiratutkimus on nopea ja luotettava tutkimus, jos kiinteist\u00f6ss\u00e4si ilmenee ep\u00e4ilytt\u00e4v\u00e4\u00e4 hajua tai koet sis\u00e4ilmaan mahdollisesti liittyvi\u00e4 oireita. Tutkimus antaa lis\u00e4arvoa ja turvaa my\u00f6s kiinteist\u00f6n myyntiin. Sinulla on mahdollisuus osallistua itse mukaan tutkimukseen ja p\u00e4\u00e4set seuramaan koiran ty\u00f6skentely\u00e4. Varaa aika homekoiratutkimukseen 050 3779236.\" \/>\n<meta name=\"robots\" content=\"index, follow, max-snippet:-1, max-image-preview:large, max-video-preview:-1\" \/>\n<link rel=\"canonical\" href=\"https:\/\/www.lahdenhomekoira.fi\/index.php\/hinnat\/\" \/>\n<meta property=\"og:locale\" content=\"fi_FI\" \/>\n<meta property=\"og:type\" content=\"article\" \/>\n<meta property=\"og:title\" content=\"LAHDEN\u00a0HOMEKOIRA\" \/>\n<meta property=\"og:description\" content=\"Homekoiratutkimus on nopea ja luotettava tutkimus, jos kiinteist\u00f6ss\u00e4si ilmenee ep\u00e4ilytt\u00e4v\u00e4\u00e4 hajua tai koet sis\u00e4ilmaan mahdollisesti liittyvi\u00e4 oireita. Tutkimus antaa lis\u00e4arvoa ja turvaa my\u00f6s kiinteist\u00f6n myyntiin. Sinulla on mahdollisuus osallistua itse mukaan tutkimukseen ja p\u00e4\u00e4set seuramaan koiran ty\u00f6skentely\u00e4. Varaa aika homekoiratutkimukseen 050 3779236.\" \/>\n<meta property=\"og:url\" content=\"https:\/\/www.lahdenhomekoira.fi\/index.php\/hinnat\/\" \/>\n<meta property=\"og:site_name\" content=\"LAHDEN&nbsp;HOMEKOIRA\" \/>\n<meta property=\"article:modified_time\" content=\"2025-01-29T19:02:19+00:00\" \/>\n<meta property=\"og:image\" content=\"https:\/\/www.lahdenhomekoira.fi\/wp-content\/uploads\/2023\/10\/cropped-PHOTO-2023-10-01-15-11-21-1.jpg\" \/>\n\t<meta property=\"og:image:width\" content=\"2000\" \/>\n\t<meta property=\"og:image:height\" content=\"1199\" \/>\n\t<meta property=\"og:image:type\" content=\"image\/jpeg\" \/>\n<meta name=\"twitter:card\" content=\"summary_large_image\" \/>\n<meta name=\"twitter:label1\" content=\"Arvioitu lukuaika\" \/>\n\t<meta name=\"twitter:data1\" content=\"1 minuutti\" \/>\n<script type=\"application\/ld+json\" class=\"yoast-schema-graph\">{\"@context\":\"https:\/\/schema.org\",\"@graph\":[{\"@type\":\"WebPage\",\"@id\":\"https:\/\/www.lahdenhomekoira.fi\/index.php\/hinnat\/\",\"url\":\"https:\/\/www.lahdenhomekoira.fi\/index.php\/hinnat\/\",\"name\":\"LAHDEN\u00a0HOMEKOIRA\",\"isPartOf\":{\"@id\":\"https:\/\/www.lahdenhomekoira.fi\/#website\"},\"primaryImageOfPage\":{\"@id\":\"https:\/\/www.lahdenhomekoira.fi\/index.php\/hinnat\/#primaryimage\"},\"image\":{\"@id\":\"https:\/\/www.lahdenhomekoira.fi\/index.php\/hinnat\/#primaryimage\"},\"thumbnailUrl\":\"http:\/\/www.lahdenhomekoira.fi\/wp-content\/uploads\/2023\/10\/cropped-PHOTO-2023-10-01-15-11-21-1.jpg\",\"datePublished\":\"2023-10-11T18:17:13+00:00\",\"dateModified\":\"2025-01-29T19:02:19+00:00\",\"description\":\"Homekoiratutkimus on nopea ja luotettava tutkimus, jos kiinteist\u00f6ss\u00e4si ilmenee ep\u00e4ilytt\u00e4v\u00e4\u00e4 hajua tai koet sis\u00e4ilmaan mahdollisesti liittyvi\u00e4 oireita. Tutkimus antaa lis\u00e4arvoa ja turvaa my\u00f6s kiinteist\u00f6n myyntiin. Sinulla on mahdollisuus osallistua itse mukaan tutkimukseen ja p\u00e4\u00e4set seuramaan koiran ty\u00f6skentely\u00e4. Varaa aika homekoiratutkimukseen 050 3779236.\",\"breadcrumb\":{\"@id\":\"https:\/\/www.lahdenhomekoira.fi\/index.php\/hinnat\/#breadcrumb\"},\"inLanguage\":\"fi\",\"potentialAction\":[{\"@type\":\"ReadAction\",\"target\":[\"https:\/\/www.lahdenhomekoira.fi\/index.php\/hinnat\/\"]}]},{\"@type\":\"ImageObject\",\"inLanguage\":\"fi\",\"@id\":\"https:\/\/www.lahdenhomekoira.fi\/index.php\/hinnat\/#primaryimage\",\"url\":\"http:\/\/www.lahdenhomekoira.fi\/wp-content\/uploads\/2023\/10\/cropped-PHOTO-2023-10-01-15-11-21-1.jpg\",\"contentUrl\":\"http:\/\/www.lahdenhomekoira.fi\/wp-content\/uploads\/2023\/10\/cropped-PHOTO-2023-10-01-15-11-21-1.jpg\",\"width\":2000,\"height\":1199},{\"@type\":\"BreadcrumbList\",\"@id\":\"https:\/\/www.lahdenhomekoira.fi\/index.php\/hinnat\/#breadcrumb\",\"itemListElement\":[{\"@type\":\"ListItem\",\"position\":1,\"name\":\"Etusivu\",\"item\":\"https:\/\/www.lahdenhomekoira.fi\/\"},{\"@type\":\"ListItem\",\"position\":2,\"name\":\"HINNAT\"}]},{\"@type\":\"WebSite\",\"@id\":\"https:\/\/www.lahdenhomekoira.fi\/#website\",\"url\":\"https:\/\/www.lahdenhomekoira.fi\/\",\"name\":\"LAHDEN&nbsp;HOMEKOIRA\",\"description\":\"\",\"publisher\":{\"@id\":\"https:\/\/www.lahdenhomekoira.fi\/#organization\"},\"potentialAction\":[{\"@type\":\"SearchAction\",\"target\":{\"@type\":\"EntryPoint\",\"urlTemplate\":\"https:\/\/www.lahdenhomekoira.fi\/?s={search_term_string}\"},\"query-input\":{\"@type\":\"PropertyValueSpecification\",\"valueRequired\":true,\"valueName\":\"search_term_string\"}}],\"inLanguage\":\"fi\"},{\"@type\":\"Organization\",\"@id\":\"https:\/\/www.lahdenhomekoira.fi\/#organization\",\"name\":\"LAHDEN&nbsp;HOMEKOIRA\",\"url\":\"https:\/\/www.lahdenhomekoira.fi\/\",\"logo\":{\"@type\":\"ImageObject\",\"inLanguage\":\"fi\",\"@id\":\"https:\/\/www.lahdenhomekoira.fi\/#\/schema\/logo\/image\/\",\"url\":\"http:\/\/www.lahdenhomekoira.fi\/wp-content\/uploads\/2023\/10\/cropped-elma.png\",\"contentUrl\":\"http:\/\/www.lahdenhomekoira.fi\/wp-content\/uploads\/2023\/10\/cropped-elma.png\",\"width\":512,\"height\":512,\"caption\":\"LAHDEN&nbsp;HOMEKOIRA\"},\"image\":{\"@id\":\"https:\/\/www.lahdenhomekoira.fi\/#\/schema\/logo\/image\/\"}}]}<\/script>\n<!-- \/ Yoast SEO plugin. -->","yoast_head_json":{"title":"LAHDEN\u00a0HOMEKOIRA","description":"Homekoiratutkimus on nopea ja luotettava tutkimus, jos kiinteist\u00f6ss\u00e4si ilmenee ep\u00e4ilytt\u00e4v\u00e4\u00e4 hajua tai koet sis\u00e4ilmaan mahdollisesti liittyvi\u00e4 oireita. Tutkimus antaa lis\u00e4arvoa ja turvaa my\u00f6s kiinteist\u00f6n myyntiin. Sinulla on mahdollisuus osallistua itse mukaan tutkimukseen ja p\u00e4\u00e4set seuramaan koiran ty\u00f6skentely\u00e4. Varaa aika homekoiratutkimukseen 050 3779236.","robots":{"index":"index","follow":"follow","max-snippet":"max-snippet:-1","max-image-preview":"max-image-preview:large","max-video-preview":"max-video-preview:-1"},"canonical":"https:\/\/www.lahdenhomekoira.fi\/index.php\/hinnat\/","og_locale":"fi_FI","og_type":"article","og_title":"LAHDEN\u00a0HOMEKOIRA","og_description":"Homekoiratutkimus on nopea ja luotettava tutkimus, jos kiinteist\u00f6ss\u00e4si ilmenee ep\u00e4ilytt\u00e4v\u00e4\u00e4 hajua tai koet sis\u00e4ilmaan mahdollisesti liittyvi\u00e4 oireita. Tutkimus antaa lis\u00e4arvoa ja turvaa my\u00f6s kiinteist\u00f6n myyntiin. Sinulla on mahdollisuus osallistua itse mukaan tutkimukseen ja p\u00e4\u00e4set seuramaan koiran ty\u00f6skentely\u00e4. Varaa aika homekoiratutkimukseen 050 3779236.","og_url":"https:\/\/www.lahdenhomekoira.fi\/index.php\/hinnat\/","og_site_name":"LAHDEN&nbsp;HOMEKOIRA","article_modified_time":"2025-01-29T19:02:19+00:00","og_image":[{"width":2000,"height":1199,"url":"https:\/\/www.lahdenhomekoira.fi\/wp-content\/uploads\/2023\/10\/cropped-PHOTO-2023-10-01-15-11-21-1.jpg","type":"image\/jpeg"}],"twitter_card":"summary_large_image","twitter_misc":{"Arvioitu lukuaika":"1 minuutti"},"schema":{"@context":"https:\/\/schema.org","@graph":[{"@type":"WebPage","@id":"https:\/\/www.lahdenhomekoira.fi\/index.php\/hinnat\/","url":"https:\/\/www.lahdenhomekoira.fi\/index.php\/hinnat\/","name":"LAHDEN\u00a0HOMEKOIRA","isPartOf":{"@id":"https:\/\/www.lahdenhomekoira.fi\/#website"},"primaryImageOfPage":{"@id":"https:\/\/www.lahdenhomekoira.fi\/index.php\/hinnat\/#primaryimage"},"image":{"@id":"https:\/\/www.lahdenhomekoira.fi\/index.php\/hinnat\/#primaryimage"},"thumbnailUrl":"http:\/\/www.lahdenhomekoira.fi\/wp-content\/uploads\/2023\/10\/cropped-PHOTO-2023-10-01-15-11-21-1.jpg","datePublished":"2023-10-11T18:17:13+00:00","dateModified":"2025-01-29T19:02:19+00:00","description":"Homekoiratutkimus on nopea ja luotettava tutkimus, jos kiinteist\u00f6ss\u00e4si ilmenee ep\u00e4ilytt\u00e4v\u00e4\u00e4 hajua tai koet sis\u00e4ilmaan mahdollisesti liittyvi\u00e4 oireita. Tutkimus antaa lis\u00e4arvoa ja turvaa my\u00f6s kiinteist\u00f6n myyntiin. Sinulla on mahdollisuus osallistua itse mukaan tutkimukseen ja p\u00e4\u00e4set seuramaan koiran ty\u00f6skentely\u00e4. Varaa aika homekoiratutkimukseen 050 3779236.","breadcrumb":{"@id":"https:\/\/www.lahdenhomekoira.fi\/index.php\/hinnat\/#breadcrumb"},"inLanguage":"fi","potentialAction":[{"@type":"ReadAction","target":["https:\/\/www.lahdenhomekoira.fi\/index.php\/hinnat\/"]}]},{"@type":"ImageObject","inLanguage":"fi","@id":"https:\/\/www.lahdenhomekoira.fi\/index.php\/hinnat\/#primaryimage","url":"http:\/\/www.lahdenhomekoira.fi\/wp-content\/uploads\/2023\/10\/cropped-PHOTO-2023-10-01-15-11-21-1.jpg","contentUrl":"http:\/\/www.lahdenhomekoira.fi\/wp-content\/uploads\/2023\/10\/cropped-PHOTO-2023-10-01-15-11-21-1.jpg","width":2000,"height":1199},{"@type":"BreadcrumbList","@id":"https:\/\/www.lahdenhomekoira.fi\/index.php\/hinnat\/#breadcrumb","itemListElement":[{"@type":"ListItem","position":1,"name":"Etusivu","item":"https:\/\/www.lahdenhomekoira.fi\/"},{"@type":"ListItem","position":2,"name":"HINNAT"}]},{"@type":"WebSite","@id":"https:\/\/www.lahdenhomekoira.fi\/#website","url":"https:\/\/www.lahdenhomekoira.fi\/","name":"LAHDEN&nbsp;HOMEKOIRA","description":"","publisher":{"@id":"https:\/\/www.lahdenhomekoira.fi\/#organization"},"potentialAction":[{"@type":"SearchAction","target":{"@type":"EntryPoint","urlTemplate":"https:\/\/www.lahdenhomekoira.fi\/?s={search_term_string}"},"query-input":{"@type":"PropertyValueSpecification","valueRequired":true,"valueName":"search_term_string"}}],"inLanguage":"fi"},{"@type":"Organization","@id":"https:\/\/www.lahdenhomekoira.fi\/#organization","name":"LAHDEN&nbsp;HOMEKOIRA","url":"https:\/\/www.lahdenhomekoira.fi\/","logo":{"@type":"ImageObject","inLanguage":"fi","@id":"https:\/\/www.lahdenhomekoira.fi\/#\/schema\/logo\/image\/","url":"http:\/\/www.lahdenhomekoira.fi\/wp-content\/uploads\/2023\/10\/cropped-elma.png","contentUrl":"http:\/\/www.lahdenhomekoira.fi\/wp-content\/uploads\/2023\/10\/cropped-elma.png","width":512,"height":512,"caption":"LAHDEN&nbsp;HOMEKOIRA"},"image":{"@id":"https:\/\/www.lahdenhomekoira.fi\/#\/schema\/logo\/image\/"}}]}},"featured_media_urls":{"thumbnail":["http:\/\/www.lahdenhomekoira.fi\/wp-content\/uploads\/2023\/10\/cropped-PHOTO-2023-10-01-15-11-21-1-150x150.jpg",150,150,true],"medium":["http:\/\/www.lahdenhomekoira.fi\/wp-content\/uploads\/2023\/10\/cropped-PHOTO-2023-10-01-15-11-21-1-300x180.jpg",300,180,true],"medium_large":["http:\/\/www.lahdenhomekoira.fi\/wp-content\/uploads\/2023\/10\/cropped-PHOTO-2023-10-01-15-11-21-1-768x460.jpg",768,460,true],"large":["http:\/\/www.lahdenhomekoira.fi\/wp-content\/uploads\/2023\/10\/cropped-PHOTO-2023-10-01-15-11-21-1-1024x614.jpg",950,570,true],"1536x1536":["http:\/\/www.lahdenhomekoira.fi\/wp-content\/uploads\/2023\/10\/cropped-PHOTO-2023-10-01-15-11-21-1-1536x921.jpg",1536,921,true],"2048x2048":["http:\/\/www.lahdenhomekoira.fi\/wp-content\/uploads\/2023\/10\/cropped-PHOTO-2023-10-01-15-11-21-1.jpg",2000,1199,false],"inspiro-featured-image":["http:\/\/www.lahdenhomekoira.fi\/wp-content\/uploads\/2023\/10\/cropped-PHOTO-2023-10-01-15-11-21-1.jpg",2000,1199,false],"inspiro-loop":["http:\/\/www.lahdenhomekoira.fi\/wp-content\/uploads\/2023\/10\/cropped-PHOTO-2023-10-01-15-11-21-1-950x320.jpg",950,320,true],"inspiro-loop@2x":["http:\/\/www.lahdenhomekoira.fi\/wp-content\/uploads\/2023\/10\/cropped-PHOTO-2023-10-01-15-11-21-1-1900x640.jpg",1900,640,true],"portfolio_item-thumbnail":["http:\/\/www.lahdenhomekoira.fi\/wp-content\/uploads\/2023\/10\/cropped-PHOTO-2023-10-01-15-11-21-1-600x400.jpg",600,400,true],"portfolio_item-thumbnail@2x":["http:\/\/www.lahdenhomekoira.fi\/wp-content\/uploads\/2023\/10\/cropped-PHOTO-2023-10-01-15-11-21-1-1200x800.jpg",1200,800,true],"portfolio_item-masonry":["http:\/\/www.lahdenhomekoira.fi\/wp-content\/uploads\/2023\/10\/cropped-PHOTO-2023-10-01-15-11-21-1-600x360.jpg",600,360,true],"portfolio_item-masonry@2x":["http:\/\/www.lahdenhomekoira.fi\/wp-content\/uploads\/2023\/10\/cropped-PHOTO-2023-10-01-15-11-21-1-1200x719.jpg",1200,719,true],"portfolio_item-thumbnail_cinema":["http:\/\/www.lahdenhomekoira.fi\/wp-content\/uploads\/2023\/10\/cropped-PHOTO-2023-10-01-15-11-21-1-800x335.jpg",800,335,true],"portfolio_item-thumbnail_portrait":["http:\/\/www.lahdenhomekoira.fi\/wp-content\/uploads\/2023\/10\/cropped-PHOTO-2023-10-01-15-11-21-1-600x900.jpg",600,900,true],"portfolio_item-thumbnail_portrait@2x":["http:\/\/www.lahdenhomekoira.fi\/wp-content\/uploads\/2023\/10\/cropped-PHOTO-2023-10-01-15-11-21-1-1200x1199.jpg",1200,1199,true],"portfolio_item-thumbnail_square":["http:\/\/www.lahdenhomekoira.fi\/wp-content\/uploads\/2023\/10\/cropped-PHOTO-2023-10-01-15-11-21-1-800x800.jpg",800,800,true]},"_links":{"self":[{"href":"http:\/\/www.lahdenhomekoira.fi\/index.php\/wp-json\/wp\/v2\/pages\/12"}],"collection":[{"href":"http:\/\/www.lahdenhomekoira.fi\/index.php\/wp-json\/wp\/v2\/pages"}],"about":[{"href":"http:\/\/www.lahdenhomekoira.fi\/index.php\/wp-json\/wp\/v2\/types\/page"}],"author":[{"embeddable":true,"href":"http:\/\/www.lahdenhomekoira.fi\/index.php\/wp-json\/wp\/v2\/users\/1"}],"replies":[{"embeddable":true,"href":"http:\/\/www.lahdenhomekoira.fi\/index.php\/wp-json\/wp\/v2\/comments?post=12"}],"version-history":[{"count":23,"href":"http:\/\/www.lahdenhomekoira.fi\/index.php\/wp-json\/wp\/v2\/pages\/12\/revisions"}],"predecessor-version":[{"id":257,"href":"http:\/\/www.lahdenhomekoira.fi\/index.php\/wp-json\/wp\/v2\/pages\/12\/revisions\/257"}],"wp:featuredmedia":[{"embeddable":true,"href":"http:\/\/www.lahdenhomekoira.fi\/index.php\/wp-json\/wp\/v2\/media\/59"}],"wp:attachment":[{"href":"http:\/\/www.lahdenhomekoira.fi\/index.php\/wp-json\/wp\/v2\/media?parent=12"}],"curies":[{"name":"wp","href":"https:\/\/api.w.org\/{rel}","templated":true}]}}